{"id":14,"date":"2016-08-09T20:55:33","date_gmt":"2016-08-09T19:55:33","guid":{"rendered":"http:\/\/www.cemma-asso.fr\/?page_id=14"},"modified":"2024-07-02T15:25:33","modified_gmt":"2024-07-02T14:25:33","slug":"les-cours","status":"publish","type":"page","link":"https:\/\/www.cemma-asso.fr\/?page_id=14","title":{"rendered":"Les cours"},"content":{"rendered":"<h3>DESCRIPTION G\u00c9N\u00c9RALE<\/h3>\n<p>Les cours se d\u00e9roulent hors vacances scolaires \u00e0 raison de 9 cours individuels d\u20191\/2 heure par trimestre r\u00e9partis sur neuf mois, de fin septembre \u00e0 fin Juin, \u00e0 l\u2019exception des p\u00e9riodes de rattrapage et de divers stages sp\u00e9cifiques. Pour des raisons d\u2019organisation, le professeur pourra proposer des cours d\u20191h bi-hebdomadaire.<\/p>\n<p>Des ateliers th\u00e9matiques sont propos\u00e9s pour renforcer l\u2019apprentissage. Ils se d\u00e9roulent hors vacances scolaires \u00e0 raison d\u2019un atelier collectif d\u20191 heure par trimestre. Ces ateliers sont dispens\u00e9s par l\u2019\u00e9quipe p\u00e9dagogique. Ils sont gratuits et facultatifs pour les \u00e9l\u00e8ves.<\/p>\n<h3>LES INSTRUMENTS ENSEIGN\u00c9S<\/h3>\n<ul>\n<li>\n<h4><strong>Guitare<\/strong><\/h4>\n<\/li>\n<\/ul>\n<p>Initiation et formation technique et th\u00e9orique \u00e0 la guitare folk et \u00e9lectrique. Tous styles sauf classique &#8211; Tous niveaux<\/p>\n<ul>\n<li>\n<h4><strong>Basse<\/strong><\/h4>\n<\/li>\n<\/ul>\n<p>Initiation et formation \u00e0 la th\u00e9orie et aux techniques de l\u2019instrument aux travers de diff\u00e9rents styles musicaux &#8211; Tous niveaux<\/p>\n<ul>\n<li>\n<h4><strong>Ukul\u00e9l\u00e9<\/strong><\/h4>\n<\/li>\n<\/ul>\n<p>Initiation et formation technique et th\u00e9orique du Ukul\u00e9l\u00e9 dans le cadre des musiques actuelles &#8211; D\u00e9butant<\/p>\n<h3>TARIF<\/h3>\n<p>L\u2019inscription aux cours est annuelle<\/p>\n<p><strong>Adh\u00e9sion*<\/strong> = 15 \u20ac<\/p>\n<p><strong>1er Trim<\/strong> = 180 \u20ac = 9 cours<\/p>\n<p><strong>2\u00e8me Trim<\/strong> = 180 \u20ac = 9 cours<\/p>\n<p><strong>3\u00e8me Trim<\/strong> = 180 \u20ac = 9 cours<\/p>\n<p>* l&rsquo;adh\u00e9sion \u00e0 l&rsquo;association est obligatoire et valable jusqu\u2019au terme de l\u2019ann\u00e9e scolaire en cours. Une seule adh\u00e9sion n&rsquo;est \u00e0 r\u00e9gler en cas de plusieurs inscriptions dans la m\u00eame famille.<\/p>\n<p><strong>NB<\/strong> : Aucune somme vers\u00e9e \u00e0 l\u2019association CEMMA ne pourra \u00eatre rembours\u00e9e en cas d\u2019arr\u00eat de l\u2019\u00e9l\u00e8ve, exception faite de ces quelques cas <u>sur pr\u00e9sentation de justificatifs<\/u>\u00a0: mutation professionnelle, maladie. Pour toute demande de remboursement, l\u2019\u00e9l\u00e8ve devra envoyer un courrier relatant les raisons pour lesquelles il souhaite \u00eatre rembours\u00e9, accompagn\u00e9 des justificatifs correspondants. Les remboursements \u00e9ventuellement effectu\u00e9s se feront \u00e0 partir de la date de r\u00e9ception des courriers et justificatifs \u00e0 CEMMA.<\/p>\n<h3><strong>QUELQUES R\u00c8GLES IMPORTANTES<\/strong><\/h3>\n<ul>\n<li>\u00a0L&rsquo;association CEMMA accepte les enfants \u00e0 partir de 7 ans.<\/li>\n<\/ul>\n<ul>\n<li>Les \u00e9l\u00e8ves doivent poss\u00e9der leur instrument pour le cours. L&rsquo;association CEMMA ne pr\u00eate pas et ne loue pas d&rsquo;instrument.<\/li>\n<\/ul>\n<ul>\n<li>Afin que les cours se d\u00e9roulent dans les meilleurs conditions, il est demand\u00e9 aux \u00e9l\u00e8ves d\u2019\u00eatre ponctuels et nous remercions les accompagnateurs de bien vouloir patienter en dehors de la salle de cours.<\/li>\n<\/ul>\n<ul>\n<li>Le planning remis \u00e0 l\u2019inscription doit \u00eatre suivi scrupuleusement tout au long de l\u2019ann\u00e9e.<\/li>\n<li>\u00ab\u00a0L\u2019association CEMMA s\u2019engage \u00e0 remplacer ou rembourser tout cours qui n\u2019aurait pu \u00eatre dispens\u00e9 par son professeur. <strong>Aucun cours ne sera remplac\u00e9 ni rembours\u00e9 <u>en cas d\u2019absence de l\u2019\u00e9l\u00e8ve<\/u> sauf en cas de maladie <u>sur pr\u00e9sentation d\u2019un justificatif.<\/u>\u00a0\u00bb<\/strong><\/li>\n<li><strong>En cas de force majeure<\/strong> (crise sanitaire \u2026), les cours pourront \u00eatre dispens\u00e9s sous une autre forme qu\u2019en pr\u00e9sentiel (visio-conf\u00e9rence, vid\u00e9o \u2026) avec un planning am\u00e9nag\u00e9.<\/li>\n<li>Concernant les jours f\u00e9ri\u00e9s, il est laiss\u00e9 au libre arbitre du professeur le choix d\u2019organiser les cours le jour m\u00eame\u00a0 ou\u00a0 de proposer une date unique de rattrapage ult\u00e9rieur.<\/li>\n<li>L\u2019association CEMMA est h\u00e9berg\u00e9e dans des b\u00e2timents municipaux. Ceci implique que tout adh\u00e9rent de l\u2019association CEMMA doit se conformer aux r\u00e8gles en vigueur quant \u00e0 l\u2019utilisation des locaux, le fonctionnement de l\u2019\u00e9tablissement, et les r\u00e8gles d\u2019hygi\u00e8ne et de s\u00e9curit\u00e9.<\/li>\n<li>Les \u00e9l\u00e8ves doivent \u00eatre assur\u00e9s en responsabilit\u00e9 civile et en individuelle corporelle. Les parents restent responsables tant qu\u2019ils ne se sont\u00a0 pas assur\u00e9s de la pr\u00e9sence effective du professeur et d\u00e8s la fin du cours. L\u2019assurance de CEMMA couvre uniquement l\u2019ensemble des activit\u00e9s musicales propos\u00e9es aux \u00e9l\u00e8ves.<\/li>\n<\/ul>\n","protected":false},"excerpt":{"rendered":"<p>DESCRIPTION G\u00c9N\u00c9RALE Les cours se d\u00e9roulent hors vacances scolaires \u00e0 raison de 9 cours individuels d\u20191\/2 heure par trimestre r\u00e9partis sur neuf mois, de fin septembre \u00e0 fin Juin, \u00e0 l\u2019exception des p\u00e9riodes de rattrapage et de divers stages sp\u00e9cifiques. <span class=\"excerpt-dots\">&hellip;<\/span> <a class=\"more-link\" href=\"https:\/\/www.cemma-asso.fr\/?page_id=14\"><span class=\"more-msg\">Lire la suite &rarr;<\/span><\/a><\/p>\n","protected":false},"author":1,"featured_media":0,"parent":0,"menu_order":2,"comment_status":"closed","ping_status":"closed","template":"","meta":[],"_links":{"self":[{"href":"https:\/\/www.cemma-asso.fr\/index.php?rest_route=\/wp\/v2\/pages\/14"}],"collection":[{"href":"https:\/\/www.cemma-asso.fr\/index.php?rest_route=\/wp\/v2\/pages"}],"about":[{"href":"https:\/\/www.cemma-asso.fr\/index.php?rest_route=\/wp\/v2\/types\/page"}],"author":[{"embeddable":true,"href":"https:\/\/www.cemma-asso.fr\/index.php?rest_route=\/wp\/v2\/users\/1"}],"replies":[{"embeddable":true,"href":"https:\/\/www.cemma-asso.fr\/index.php?rest_route=%2Fwp%2Fv2%2Fcomments&post=14"}],"version-history":[{"count":8,"href":"https:\/\/www.cemma-asso.fr\/index.php?rest_route=\/wp\/v2\/pages\/14\/revisions"}],"predecessor-version":[{"id":422,"href":"https:\/\/www.cemma-asso.fr\/index.php?rest_route=\/wp\/v2\/pages\/14\/revisions\/422"}],"wp:attachment":[{"href":"https:\/\/www.cemma-asso.fr\/index.php?rest_route=%2Fwp%2Fv2%2Fmedia&parent=14"}],"curies":[{"name":"wp","href":"https:\/\/api.w.org\/{rel}","templated":true}]}}