{"id":18,"date":"2016-08-09T20:56:02","date_gmt":"2016-08-09T19:56:02","guid":{"rendered":"http:\/\/www.cemma-asso.fr\/?page_id=18"},"modified":"2025-08-28T17:01:58","modified_gmt":"2025-08-28T16:01:58","slug":"les-inscriptions","status":"publish","type":"page","link":"https:\/\/www.cemma-asso.fr\/?page_id=18","title":{"rendered":"Les inscriptions"},"content":{"rendered":"<h3><strong>SAISON 2025\/2026<\/strong><\/h3>\n<h4>Maison de la musique de La Fert\u00e9 St Aubin<br \/>\nCours de GUITARE, BASSE et UKULELE<\/h4>\n<p><b>Samedi 06 septembre 2025<\/b><b><br \/>\n<\/b><b>de 14h \u00e0 17h<\/b><\/p>\n<p><b>Mercredi 10 septembre 2025<\/b><b><br \/>\n<\/b><b>de 17h \u00e0 19h<\/b><\/p>\n<h6>En cas d\u2019inscription en cours d\u2019ann\u00e9e veuillez prendre contact directement avec les professeurs.<\/h6>\n<h6>Pour leurs contacts cliquez <a href=\"https:\/\/www.cemma-asso.fr\/?page_id=16\">ICI<\/a><\/h6>\n<h3>COMMENT INSCRIRE UN \u00c9L\u00c8VE ?<\/h3>\n<p>Pour inscrire un \u00e9l\u00e8ve aux cours dispens\u00e9s par l&rsquo;association CEMMA vous devez :<\/p>\n<h5>1 &#8211; Renseigner les informations du formulaire d&rsquo;inscription en ligne :<\/h5>\n<p>En cliquant sur ce lien : <a href=\"https:\/\/forms.gle\/t9xcMgMJJpBiz9co7\">Inscriptions en ligne<\/a><\/p>\n<h5>2 &#8211; T\u00e9l\u00e9charger, remplir et signer le document suivant :<\/h5>\n<ul>\n<li>Un r\u00e8glement int\u00e9rieur (\u00e0 signer en deux exemplaires) &#8211; <a href=\"http:\/\/www.cemma-asso.fr\/wp-content\/uploads\/2025\/07\/Re\u0300glement-inte\u0301rieur-2025-2026.pdf\">Re\u0300glement inte\u0301rieur 2025-2026<\/a><\/li>\n<\/ul>\n<h5><\/h5>\n<h5>3 &#8211; R\u00e9cup\u00e9rer les documents suivants :<\/h5>\n<ul>\n<li>Un exemplaire du r\u00e8glement int\u00e9rieur<\/li>\n<li>\u00a0Un planning de l&rsquo;ann\u00e9e scolaire \u00e0 garder pr\u00e9cieusement et \u00e0 suivre de mani\u00e8re scrupuleuse. <a href=\"http:\/\/www.cemma-asso.fr\/wp-content\/uploads\/2023\/08\/planning-CEMMA-2023-2024.pdf\">&#8211;<\/a><em>\u00e0 t\u00e9l\u00e9charger ci-dessous.<\/em><\/li>\n<\/ul>\n<h5>4 &#8211; Remplir et donner les trois ch\u00e8ques suivants le jour des inscriptions (ordre : CEMMA)* :<\/h5>\n<ul>\n<li>Ch\u00e8que 1 : 195\u20ac comprenant 15\u20ac d\u2019adh\u00e9sion + 180\u20ac pour le 1er trimestre<\/li>\n<li>Ch\u00e8que 2 : 180\u20ac pour le 2<sup>\u00e8me<\/sup> trimestre<\/li>\n<li>Ch\u00e8que 3 : 180\u20ac pour le 3<sup>\u00e8me<\/sup> trimestre<\/li>\n<\/ul>\n<p><span style=\"text-decoration: underline;\">ATTENTION<\/span> \u00a0: Si des \u00e9l\u00e8ves d&rsquo;une m\u00eame famille s&rsquo;inscrivent, ceux-ci ne paient qu&rsquo;une seule fois l&rsquo;adh\u00e9sion de 15\u20ac.<\/p>\n<p>* Les tarifs ci-dessus sont valables pour l&rsquo;ann\u00e9e scolaire en cours et sont revot\u00e9s tous les ans en Assembl\u00e9e G\u00e9n\u00e9rale.<\/p>\n<p>NB : En cas d&rsquo;inscription en cours de trimestre les cours d\u00e9j\u00e0 pass\u00e9s sont\u00a0 retranch\u00e9s de la somme \u00e0 payer ou rattrap\u00e9s par les professeurs (Au choix de l&rsquo;\u00e9l\u00e8ve et du professeur).<\/p>\n<h3><\/h3>\n<h3>T\u00c9L\u00c9CHARGEMENT DES DOCUMENTS<\/h3>\n<p>Pour faciliter votre inscription vous pouvez t\u00e9l\u00e9charger les documents mentionn\u00e9s ci-dessus.<\/p>\n<p><a href=\"http:\/\/www.cemma-asso.fr\/wp-content\/uploads\/2025\/07\/Re\u0300glement-inte\u0301rieur-2025-2026.pdf\">Re\u0300glement inte\u0301rieur 2025-2026<\/a><\/p>\n<p><a href=\"http:\/\/www.cemma-asso.fr\/wp-content\/uploads\/2025\/07\/planning-CEMMA-2025-2026.pdf\">planning CEMMA 2025-2026<\/a><\/p>\n<p><a href=\"http:\/\/www.cemma-asso.fr\/wp-content\/uploads\/2025\/07\/Protections-de-vos-donne\u0301es-personnelles.pdf\">Protections de vos donne\u0301es personnelles<\/a><\/p>\n<hr \/>\n<h6><\/h6>\n<h3><strong>Protections de vos donn\u00e9es personnelles <\/strong><\/h3>\n<p>Protection de vos donn\u00e9es personnelles : Les informations recueillies par CEMMA font l&rsquo;objet de traitements informatiques et papiers destin\u00e9es \u00e0 la gestion des dossiers d&rsquo;inscriptions des \u00e9l\u00e8ves adh\u00e9rents, \u00e0 l&rsquo;organisation des cours, ateliers, stages, auditions et concerts, mise en place de la facturation et \u00e0 l&rsquo;\u00e9tablissement de statistiques annuelles. Les destinataires des donn\u00e9es sont les membres du Conseil d\u2019Administrations de l&rsquo;association, les professeurs employ\u00e9s par celle-ci, les collectivit\u00e9s locales accordant une subvention.<br \/>\nConform\u00e9ment au RGPD entr\u00e9 en vigueur le 25\/05\/2018, vous b\u00e9n\u00e9ficiez d&rsquo;un droit d&rsquo;acc\u00e8s et de rectification aux informations qui vous concernent, ainsi que d&rsquo;un droit \u00e0 l\u2019oubli et un droit \u00e0 la portabilit\u00e9 de vos donn\u00e9es. Si vous souhaitez exercer ces droits et obtenir communication des informations vous concernant, vous pouvez \u00e9crire \u00e0 l&rsquo;adresse suivante :<\/p>\n<p><a href=\"mailto:cemma.infos@gmail.com\"><strong>cemma.infos@gmail.com<\/strong><\/a><\/p>\n","protected":false},"excerpt":{"rendered":"<p>SAISON 2025\/2026 Maison de la musique de La Fert\u00e9 St Aubin Cours de GUITARE, BASSE et UKULELE Samedi 06 septembre 2025 de 14h \u00e0 17h Mercredi 10 septembre 2025 de 17h \u00e0 19h En cas d\u2019inscription en cours d\u2019ann\u00e9e veuillez <span class=\"excerpt-dots\">&hellip;<\/span> <a class=\"more-link\" href=\"https:\/\/www.cemma-asso.fr\/?page_id=18\"><span class=\"more-msg\">Lire la suite &rarr;<\/span><\/a><\/p>\n","protected":false},"author":1,"featured_media":0,"parent":0,"menu_order":3,"comment_status":"closed","ping_status":"closed","template":"","meta":[],"_links":{"self":[{"href":"https:\/\/www.cemma-asso.fr\/index.php?rest_route=\/wp\/v2\/pages\/18"}],"collection":[{"href":"https:\/\/www.cemma-asso.fr\/index.php?rest_route=\/wp\/v2\/pages"}],"about":[{"href":"https:\/\/www.cemma-asso.fr\/index.php?rest_route=\/wp\/v2\/types\/page"}],"author":[{"embeddable":true,"href":"https:\/\/www.cemma-asso.fr\/index.php?rest_route=\/wp\/v2\/users\/1"}],"replies":[{"embeddable":true,"href":"https:\/\/www.cemma-asso.fr\/index.php?rest_route=%2Fwp%2Fv2%2Fcomments&post=18"}],"version-history":[{"count":54,"href":"https:\/\/www.cemma-asso.fr\/index.php?rest_route=\/wp\/v2\/pages\/18\/revisions"}],"predecessor-version":[{"id":468,"href":"https:\/\/www.cemma-asso.fr\/index.php?rest_route=\/wp\/v2\/pages\/18\/revisions\/468"}],"wp:attachment":[{"href":"https:\/\/www.cemma-asso.fr\/index.php?rest_route=%2Fwp%2Fv2%2Fmedia&parent=18"}],"curies":[{"name":"wp","href":"https:\/\/api.w.org\/{rel}","templated":true}]}}