{"id":2,"date":"2016-08-09T18:40:00","date_gmt":"2016-08-09T17:40:00","guid":{"rendered":"http:\/\/www.cemma-asso.fr\/?page_id=2"},"modified":"2023-08-16T12:05:14","modified_gmt":"2023-08-16T11:05:14","slug":"page-d-exemple","status":"publish","type":"page","link":"https:\/\/www.cemma-asso.fr\/?page_id=2","title":{"rendered":"L&rsquo;association"},"content":{"rendered":"<p>L\u2019association loi 1901, Centre d\u2019Expression Musicale \u2013 La Malle Artistique (C.E.M.M.A.).<\/p>\n<p>Son \u00e9quipe p\u00e9dagogique continue \u00e0 transmettre sa passion pour les musiques actuelles \u00e0 un public toujours aussi nombreux. Chaque ann\u00e9e, de nombreux \u00e9l\u00e8ves b\u00e9n\u00e9ficient de cours de guitare, basse et ukul\u00e9l\u00e9<\/p>\n<p>L\u2019ensemble du bureau se joint \u00e0 l\u2019\u00e9quipe p\u00e9dagogique pour souhaiter la bienvenue aux nouveaux arrivants et saluer nos fid\u00e8les habitu\u00e9s.<\/p>\n<p><strong>ADRESSE MAISON DE LA MUSIQUE DE LA FERTE SAINT AUBIN<\/strong><\/p>\n<p>9 rue Aristide Briand 45240<br \/>\nLa Fert\u00e9 St Aubin<\/p>\n<p><iframe loading=\"lazy\" style=\"border: 0;\" src=\"https:\/\/www.google.com\/maps\/embed?pb=!1m18!1m12!1m3!1d2684.3036978417367!2d1.9412458151075653!3d47.71735448831449!2m3!1f0!2f0!3f0!3m2!1i1024!2i768!4f13.1!3m3!1m2!1s0x47e4de6584692e81%3A0x82b7c873486a85d1!2s9+Rue+Aristide+Briand%2C+45240+La+Fert%C3%A9-Saint-Aubin%2C+France!5e0!3m2!1sfr!2sus!4v1470858239625\" width=\"400\" height=\"300\" frameborder=\"0\" allowfullscreen=\"allowfullscreen\"><\/iframe><\/p>\n","protected":false},"excerpt":{"rendered":"<p>L\u2019association loi 1901, Centre d\u2019Expression Musicale \u2013 La Malle Artistique (C.E.M.M.A.). Son \u00e9quipe p\u00e9dagogique continue \u00e0 transmettre sa passion pour les musiques actuelles \u00e0 un public toujours aussi nombreux. Chaque ann\u00e9e, de nombreux \u00e9l\u00e8ves b\u00e9n\u00e9ficient de cours de guitare, basse <span class=\"excerpt-dots\">&hellip;<\/span> <a class=\"more-link\" href=\"https:\/\/www.cemma-asso.fr\/?page_id=2\"><span class=\"more-msg\">Lire la suite &rarr;<\/span><\/a><\/p>\n","protected":false},"author":1,"featured_media":0,"parent":0,"menu_order":1,"comment_status":"closed","ping_status":"open","template":"","meta":[],"_links":{"self":[{"href":"https:\/\/www.cemma-asso.fr\/index.php?rest_route=\/wp\/v2\/pages\/2"}],"collection":[{"href":"https:\/\/www.cemma-asso.fr\/index.php?rest_route=\/wp\/v2\/pages"}],"about":[{"href":"https:\/\/www.cemma-asso.fr\/index.php?rest_route=\/wp\/v2\/types\/page"}],"author":[{"embeddable":true,"href":"https:\/\/www.cemma-asso.fr\/index.php?rest_route=\/wp\/v2\/users\/1"}],"replies":[{"embeddable":true,"href":"https:\/\/www.cemma-asso.fr\/index.php?rest_route=%2Fwp%2Fv2%2Fcomments&post=2"}],"version-history":[{"count":18,"href":"https:\/\/www.cemma-asso.fr\/index.php?rest_route=\/wp\/v2\/pages\/2\/revisions"}],"predecessor-version":[{"id":393,"href":"https:\/\/www.cemma-asso.fr\/index.php?rest_route=\/wp\/v2\/pages\/2\/revisions\/393"}],"wp:attachment":[{"href":"https:\/\/www.cemma-asso.fr\/index.php?rest_route=%2Fwp%2Fv2%2Fmedia&parent=2"}],"curies":[{"name":"wp","href":"https:\/\/api.w.org\/{rel}","templated":true}]}}