{"id":30,"date":"2016-08-10T20:11:41","date_gmt":"2016-08-10T19:11:41","guid":{"rendered":"http:\/\/www.cemma-asso.fr\/?page_id=30"},"modified":"2025-07-10T06:42:14","modified_gmt":"2025-07-10T05:42:14","slug":"acceuil","status":"publish","type":"page","link":"https:\/\/www.cemma-asso.fr\/","title":{"rendered":""},"content":{"rendered":"\n<p class=\"has-text-align-center\"><strong> <\/strong><\/p>\n\n\n\n<div class=\"wp-block-image is-style-default\"><figure class=\"aligncenter size-large\"><img loading=\"lazy\" width=\"724\" height=\"1024\" src=\"https:\/\/www.cemma-asso.fr\/wp-content\/uploads\/2025\/07\/Affiche-inscription-LFSA-2025-2026-pour-site-724x1024.jpg\" alt=\"\" class=\"wp-image-456\" srcset=\"https:\/\/www.cemma-asso.fr\/wp-content\/uploads\/2025\/07\/Affiche-inscription-LFSA-2025-2026-pour-site-724x1024.jpg 724w, https:\/\/www.cemma-asso.fr\/wp-content\/uploads\/2025\/07\/Affiche-inscription-LFSA-2025-2026-pour-site-212x300.jpg 212w, https:\/\/www.cemma-asso.fr\/wp-content\/uploads\/2025\/07\/Affiche-inscription-LFSA-2025-2026-pour-site-768x1086.jpg 768w, https:\/\/www.cemma-asso.fr\/wp-content\/uploads\/2025\/07\/Affiche-inscription-LFSA-2025-2026-pour-site-1086x1536.jpg 1086w, https:\/\/www.cemma-asso.fr\/wp-content\/uploads\/2025\/07\/Affiche-inscription-LFSA-2025-2026-pour-site.jpg 1448w\" sizes=\"(max-width: 724px) 100vw, 724px\" \/><\/figure><\/div>\n\n\n<h2 style=\"text-align: center;\"><strong>INSCRIPTIONS RENTREE 2025\/2026<\/strong><\/h2>\n<h4 style=\"text-align: center;\">Maison de la musique de La Fert\u00e9 St Aubin<br \/>Cours de GUITARE, BASSE et UKULELE<\/h4>\n<p style=\"text-align: center;\"><b>Samedi 06 septembre 2025<\/b><b><br \/><\/b><b>de 14h \u00e0 17h<\/b><\/p>\n<p style=\"text-align: center;\"><b>Mercredi 10 septembre 2025<\/b><b><br \/><\/b><b>de 17h \u00e0 19h<\/b><\/p>\n<div style=\"text-align: center;\"><strong>Egalement Samedi 06 septembre au stade (Festiv&rsquo;Asso) de 14h \u00e0 18h<\/strong><\/div>\n<div>\u00a0<\/div>\n<div>\u00a0<\/div>\n<div>\u00a0<\/div>\n<div><strong>Gagnez du temps le jour des inscriptions en pr\u00e9parant votre dossier \u00e0 l&rsquo;avance sur notre site internet \u00e0 la rubrique Les inscriptions.<\/strong><\/div>\n<div>\u00a0<\/div>\n<div>\u00a0<\/div>\n<div>\n<h2 style=\"text-align: center;\"><span style=\"color: #ff6600;\">Retardataires !<\/span><\/h2>\n<\/div>\n<div>\u00a0<\/div>\n<div>\n<h5 style=\"text-align: center;\">N&rsquo;h\u00e9sitez pas \u00e0 nous contacter rapidement en t\u00e9l\u00e9phonant directement aux professeurs.<\/h5>\n<h5 style=\"text-align: center;\">Voir la page Les profs en cliquant <a href=\"http:\/\/www.cemma-asso.fr\/?page_id=16\">ici<\/a><\/h5>\n<div>\u00a0<\/div>\n<\/div>\n<div>Nous vous souhaitons une bonne rentr\u00e9e et prenez soin de vous.<\/div>\n<p>Musicalement,<\/p>\n<p>Le bureau de l&rsquo;association<\/p>\n<h3><img loading=\"lazy\" class=\"alignnone size-medium wp-image-90\" src=\"http:\/\/www.cemma-asso.fr\/wp-content\/uploads\/2016\/08\/GP_Academic_dark_72-300x75.png\" alt=\"gp_academic_dark_72\" width=\"300\" height=\"75\" srcset=\"https:\/\/www.cemma-asso.fr\/wp-content\/uploads\/2016\/08\/GP_Academic_dark_72-300x75.png 300w, https:\/\/www.cemma-asso.fr\/wp-content\/uploads\/2016\/08\/GP_Academic_dark_72-768x192.png 768w, https:\/\/www.cemma-asso.fr\/wp-content\/uploads\/2016\/08\/GP_Academic_dark_72.png 800w\" sizes=\"(max-width: 300px) 100vw, 300px\" \/><\/h3>\n<p>Depuis la rentr\u00e9e 2016 l&rsquo;association CEMMA est partenaire Guitar Pro.\u00a0Le logiciel Guitar Pro est aujourd&rsquo;hui une r\u00e9f\u00e9rence en ce qui concerne l&rsquo;apprentissage de la guitare. Nous sommes \u00e0 pr\u00e9sent \u00e9cole partenaire, ce qui implique :<\/p>\n<ul>\n<li>Une licence multipostes du logiciel Guitar Pro 7 gratuite pour notre \u00e9quipe p\u00e9dagogique.<\/li>\n<li><span class=\"title_col\">Une r\u00e9duction de 50% pour les \u00e9l\u00e8ves qui souhaitent acqu\u00e9rir Guitar Pro pour leur usage priv\u00e9<\/span><\/li>\n<\/ul>\n<p>Si vous \u00eates un \u00e9l\u00e8ve int\u00e9ress\u00e9, dirigez vous vers votre professeur qui vous inscrira pour recevoir un bon de r\u00e9duction \u00e0 votre nom.<\/p>\n<p>Le site guitar Pro :\u00a0<a href=\"https:\/\/www.guitar-pro.com\/fr\/index.php\">https:\/\/www.guitar-pro.com\/fr\/index.php<\/a><\/p>\n<h1>\u00a0<\/h1>\n<h1 style=\"text-align: center;\">SOUVENIRS \/ SOUVENIRS<\/h1>\n<h2 style=\"text-align: center;\">20 ans de la maison de la musique Jean-Luc Geunis<\/h2>\n<h2 style=\"text-align: center;\">\n\t\t<!-- MasterSlider -->\n\t\t<div id=\"P_MS69ddf5bf6326d\" class=\"master-slider-parent msl ms-parent-id-1\" style=\"max-width:800px;\"  >\n\n\t\t\t\n\t\t\t<!-- MasterSlider Main -->\n\t\t\t<div id=\"MS69ddf5bf6326d\" class=\"master-slider ms-skin-light-3\" >\n\t\t\t\t \t\t\t\t \n\t\t\t\t<div  class=\"ms-slide\" data-delay=\"3\" data-fill-mode=\"fill\"  >\n\t\t\t\t\t<img src=\"https:\/\/www.cemma-asso.fr\/wp-content\/plugins\/master-slider\/public\/assets\/css\/blank.gif\" alt=\"\" title=\"\" data-src=\"https:\/\/www.cemma-asso.fr\/wp-content\/uploads\/2020\/09\/IMG_3627.jpg\" \/>\n\n\n\t<div class=\"ms-thumb\" ><div class=\"ms-tab-context\"><div class=&quot;ms-tab-context&quot;><\/div><\/div>\n<\/div>\n\t\t\t\t<\/div>\n\t\t\t\t<div  class=\"ms-slide\" data-delay=\"3\" data-fill-mode=\"fill\"  >\n\t\t\t\t\t<img src=\"https:\/\/www.cemma-asso.fr\/wp-content\/plugins\/master-slider\/public\/assets\/css\/blank.gif\" alt=\"\" title=\"\" data-src=\"https:\/\/www.cemma-asso.fr\/wp-content\/uploads\/2020\/09\/IMG_3616.jpg\" \/>\n\n\n\t<div class=\"ms-thumb\" ><div class=\"ms-tab-context\"><div class=&quot;ms-tab-context&quot;><\/div><\/div>\n<\/div>\n\t\t\t\t<\/div>\n\t\t\t\t<div  class=\"ms-slide\" data-delay=\"3\" data-fill-mode=\"fill\"  >\n\t\t\t\t\t<img src=\"https:\/\/www.cemma-asso.fr\/wp-content\/plugins\/master-slider\/public\/assets\/css\/blank.gif\" alt=\"\" title=\"\" data-src=\"https:\/\/www.cemma-asso.fr\/wp-content\/uploads\/2020\/09\/IMG_3605.jpg\" \/>\n\n\n\t<div class=\"ms-thumb\" ><div class=\"ms-tab-context\"><div class=&quot;ms-tab-context&quot;><\/div><\/div>\n<\/div>\n\t\t\t\t<\/div>\n\t\t\t\t<div  class=\"ms-slide\" data-delay=\"3\" data-fill-mode=\"fill\"  >\n\t\t\t\t\t<img src=\"https:\/\/www.cemma-asso.fr\/wp-content\/plugins\/master-slider\/public\/assets\/css\/blank.gif\" alt=\"\" title=\"\" data-src=\"https:\/\/www.cemma-asso.fr\/wp-content\/uploads\/2020\/09\/IMG_3602-1.jpg\" \/>\n\n\n\t<div class=\"ms-thumb\" ><div class=\"ms-tab-context\"><div class=&quot;ms-tab-context&quot;><\/div><\/div>\n<\/div>\n\t\t\t\t<\/div>\n\n\t\t\t<\/div>\n\t\t\t<!-- END MasterSlider Main -->\n\n\t\t\t \n\t\t<\/div>\n\t\t<!-- END MasterSlider -->\n\n\t\t<script>\n\t\t(function ( $ ) {\n\t\t\t\"use strict\";\n\n\t\t\t$(function () {\n\t\t\t\tvar masterslider_326d = new MasterSlider();\n\n\t\t\t\t\/\/ slider controls\n\t\t\t\tmasterslider_326d.control('arrows'     ,{ autohide:false, overVideo:true  });\t\t\t\tmasterslider_326d.control('bullets'    ,{ autohide:true, overVideo:true, dir:'h', align:'bottom' , margin:10  });\n\n\t\t\t\tmasterslider_326d.control('circletimer',{ autohide:false, overVideo:true, color:'#434343', radius:10, stroke:3   });\n\t\t\t\tmasterslider_326d.control('timebar'    ,{ autohide:false, overVideo:true, align:'bottom', color:'#FFFFFF'  , width:4 });\n\t\t\t\t\/\/ slider setup\n\t\t\t\tmasterslider_326d.setup(\"MS69ddf5bf6326d\", {\n\t\t\t\t\t\twidth           : 800,\n\t\t\t\t\t\theight          : 480,\n\t\t\t\t\t\tminHeight       : 0,\n\t\t\t\t\t\tspace           : 0,\n\t\t\t\t\t\tstart           : 1,\n\t\t\t\t\t\tgrabCursor      : true,\n\t\t\t\t\t\tswipe           : true,\n\t\t\t\t\t\tmouse           : true,\n\t\t\t\t\t\tlayout          : \"boxed\",\n\t\t\t\t\t\twheel           : false,\n\t\t\t\t\t\tautoplay        : true,\n\t\t\t\t\t\tinstantStartLayers:false,\n\t\t\t\t\t\tloop            : true,\n\t\t\t\t\t\tshuffle         : false,\n\t\t\t\t\t\tpreload         : 0,\n\t\t\t\t\t\theightLimit     : true,\n\t\t\t\t\t\tautoHeight      : false,\n\t\t\t\t\t\tsmoothHeight    : true,\n\t\t\t\t\t\tendPause        : false,\n\t\t\t\t\t\toverPause       : true,\n\t\t\t\t\t\tfillMode        : \"fill\",\n\t\t\t\t\t\tcenterControls  : true,\n\t\t\t\t\t\tstartOnAppear   : false,\n\t\t\t\t\t\tlayersMode      : \"center\",\n\t\t\t\t\t\thideLayers      : false,\n\t\t\t\t\t\tfullscreenMargin: 0,\n\t\t\t\t\t\tspeed           : 20,\n\t\t\t\t\t\tdir             : \"h\",\n\t\t\t\t\t\tparallaxMode    : 'swipe',\n\t\t\t\t\t\tview            : \"basic\"\n\t\t\t\t});\n\n\t\t\t\t\n\t\t\t\twindow.masterslider_instances = window.masterslider_instances || [];\n\t\t\t\twindow.masterslider_instances.push( masterslider_326d );\n\t\t\t });\n\n\t\t})(jQuery);\n\t\t<\/script>\n\n<\/h2>\n<h2>\u00a0<\/h2>\n<h3><strong>Nouvelle page \u00ab\u00a0Petites annonces\u00a0\u00bb<\/strong><\/h3>\n<p>Nous avons cr\u00e9\u00e9 une page \u00ab\u00a0Petites annonces\u00a0\u00bb sur ce site.<\/p>\n<p><em>Cet espace est r\u00e9serv\u00e9 aux adh\u00e9rents de l&rsquo;\u00e9cole CEMMA.<\/em><\/p>\n<p><em>Nous invitons les \u00e9l\u00e8ves int\u00e9ress\u00e9s \u00e0 r\u00e9diger leurs annonces et \u00e0 nous les envoyer par mail : <a href=\"mailto:cemma.infos@gmail.com\">cemma.infos@gmail.com<\/a><\/em><\/p>","protected":false},"excerpt":{"rendered":"<p>INSCRIPTIONS RENTREE 2025\/2026 Maison de la musique de La Fert\u00e9 St AubinCours de GUITARE, BASSE et UKULELE Samedi 06 septembre 2025de 14h \u00e0 17h Mercredi 10 septembre 2025de 17h \u00e0 19h Egalement Samedi 06 septembre au stade (Festiv&rsquo;Asso) de 14h <span class=\"excerpt-dots\">&hellip;<\/span> <a class=\"more-link\" href=\"https:\/\/www.cemma-asso.fr\/\"><span class=\"more-msg\">Lire la suite &rarr;<\/span><\/a><\/p>\n","protected":false},"author":1,"featured_media":0,"parent":0,"menu_order":0,"comment_status":"closed","ping_status":"closed","template":"","meta":[],"_links":{"self":[{"href":"https:\/\/www.cemma-asso.fr\/index.php?rest_route=\/wp\/v2\/pages\/30"}],"collection":[{"href":"https:\/\/www.cemma-asso.fr\/index.php?rest_route=\/wp\/v2\/pages"}],"about":[{"href":"https:\/\/www.cemma-asso.fr\/index.php?rest_route=\/wp\/v2\/types\/page"}],"author":[{"embeddable":true,"href":"https:\/\/www.cemma-asso.fr\/index.php?rest_route=\/wp\/v2\/users\/1"}],"replies":[{"embeddable":true,"href":"https:\/\/www.cemma-asso.fr\/index.php?rest_route=%2Fwp%2Fv2%2Fcomments&post=30"}],"version-history":[{"count":75,"href":"https:\/\/www.cemma-asso.fr\/index.php?rest_route=\/wp\/v2\/pages\/30\/revisions"}],"predecessor-version":[{"id":457,"href":"https:\/\/www.cemma-asso.fr\/index.php?rest_route=\/wp\/v2\/pages\/30\/revisions\/457"}],"wp:attachment":[{"href":"https:\/\/www.cemma-asso.fr\/index.php?rest_route=%2Fwp%2Fv2%2Fmedia&parent=30"}],"curies":[{"name":"wp","href":"https:\/\/api.w.org\/{rel}","templated":true}]}}